{"id":754,"date":"2022-05-01T21:27:39","date_gmt":"2022-05-01T21:27:39","guid":{"rendered":"https:\/\/www.sportid.no\/butikk\/?post_type=product&#038;p=754"},"modified":"2023-11-29T23:40:50","modified_gmt":"2023-11-29T22:40:50","slug":"sporline-fusion-sporting-nylon-5m-x-17mm-sort-gul","status":"publish","type":"product","link":"https:\/\/www.sportid.no\/butikk\/produkt\/sporline-fusion-sporting-nylon-5m-x-17mm-sort-gul\/","title":{"rendered":"Sporline Fusion Sporting Nylon 5m x 17mm Sort\/Gul"},"content":{"rendered":"<p>Trixie Fusion Sporline Langline Sort\/Gul er et lengre b\u00e5nd som gir \u00f8kt frihet samtidig som du har kontroll p\u00e5 hunden. Langliner kan brukes til turer, spor og jakt. Passer ogs\u00e5 godt til innkallingstrening. Med feste til halsb\u00e5nd\/sele, og l\u00f8kke med neoprenforsterkning p\u00e5 f\u00f8rerenden. Linen er flat og har innvevede gummitr\u00e5der for ekstra styrke. 17 mm bredde.<\/p>\n<p>St\u00f8rrelse:<\/p>\n<p>5 meter<\/p>\n","protected":false},"excerpt":{"rendered":"<p>Trixie Fusion Sporline Langline Sort\/Gul er et lengre b\u00e5nd som gir \u00f8kt frihet samtidig som du har kontroll p\u00e5 hunden. Langliner kan brukes til turer, spor og jakt. Passer ogs\u00e5 godt til innkallingstrening. Med feste til halsb\u00e5nd\/sele, og l\u00f8kke med neoprenforsterkning p\u00e5 f\u00f8rerenden. Linen er flat og har innvevede gummitr\u00e5der for ekstra styrke. 17 mm bredde.<\/p>\n<p>St\u00f8rrelse:<\/p>\n<p>5 meter<\/p>\n","protected":false},"featured_media":799,"comment_status":"open","ping_status":"closed","template":"","meta":[],"product_brand":[],"product_cat":[55],"product_tag":[],"class_list":{"0":"post-754","1":"product","2":"type-product","3":"status-publish","4":"has-post-thumbnail","6":"product_cat-sportline","8":"first","9":"instock","10":"taxable","11":"shipping-taxable","12":"purchasable","13":"product-type-simple"},"jetpack_sharing_enabled":true,"_links":{"self":[{"href":"https:\/\/www.sportid.no\/butikk\/wp-json\/wp\/v2\/product\/754","targetHints":{"allow":["GET"]}}],"collection":[{"href":"https:\/\/www.sportid.no\/butikk\/wp-json\/wp\/v2\/product"}],"about":[{"href":"https:\/\/www.sportid.no\/butikk\/wp-json\/wp\/v2\/types\/product"}],"replies":[{"embeddable":true,"href":"https:\/\/www.sportid.no\/butikk\/wp-json\/wp\/v2\/comments?post=754"}],"version-history":[{"count":2,"href":"https:\/\/www.sportid.no\/butikk\/wp-json\/wp\/v2\/product\/754\/revisions"}],"predecessor-version":[{"id":1880,"href":"https:\/\/www.sportid.no\/butikk\/wp-json\/wp\/v2\/product\/754\/revisions\/1880"}],"wp:featuredmedia":[{"embeddable":true,"href":"https:\/\/www.sportid.no\/butikk\/wp-json\/wp\/v2\/media\/799"}],"wp:attachment":[{"href":"https:\/\/www.sportid.no\/butikk\/wp-json\/wp\/v2\/media?parent=754"}],"wp:term":[{"taxonomy":"product_brand","embeddable":true,"href":"https:\/\/www.sportid.no\/butikk\/wp-json\/wp\/v2\/product_brand?post=754"},{"taxonomy":"product_cat","embeddable":true,"href":"https:\/\/www.sportid.no\/butikk\/wp-json\/wp\/v2\/product_cat?post=754"},{"taxonomy":"product_tag","embeddable":true,"href":"https:\/\/www.sportid.no\/butikk\/wp-json\/wp\/v2\/product_tag?post=754"}],"curies":[{"name":"wp","href":"https:\/\/api.w.org\/{rel}","templated":true}]}}