{"id":706,"date":"2022-05-01T21:27:24","date_gmt":"2022-05-01T21:27:24","guid":{"rendered":"https:\/\/www.sportid.no\/butikk\/?post_type=product&#038;p=706"},"modified":"2024-05-09T21:34:56","modified_gmt":"2024-05-09T19:34:56","slug":"lupine-piko-x4-smartcore-2100-lumen-hodelykt","status":"publish","type":"product","link":"https:\/\/www.sportid.no\/butikk\/produkt\/lupine-piko-x4-smartcore-2100-lumen-hodelykt\/","title":{"rendered":"Lupine Piko X4 Smartcore 2100 Lumen, hodelykt"},"content":{"rendered":"<p>Piko hodelykt fra Lupine med 3,5 Ah SmartCore-batteri, FrontClick, Bluetooth og fjernkontroll. Tredje generasjon Piko gir deg hele 2100 umen og har en uavhengig diffus lese- og campinglys.<\/p>\n<p>Lyktehuset er 3 mm kortere enn f\u00f8r, dette flytter massesenteret til Piko n\u00e6rmere hodet, noe som gir en mer behagelig bruk over lengre tid. Kontrollelektronikken og den termiske styringen er ogs\u00e5 fullstendig omutviklet. Dette gj\u00f8r at nye Piko n\u00e5 er mye mer dynamisk og lyser mer effektivt enn f\u00f8r. Knappen p\u00e5 lampehodet er n\u00e5 plassert midt p\u00e5 lampen som gj\u00f8r den enklere \u00e5 finne, spesielt n\u00e5r du bruker hansker. Knappen til Bluetooth-fjernkontrollen er ogs\u00e5 optimalisert og den nye appen tillater en unik gratis konfigurasjon av lysprogrammene dine.<\/p>\n","protected":false},"excerpt":{"rendered":"<p>Piko hodelykt fra Lupine med 3,5 Ah SmartCore-batteri, FrontClick, Bluetooth og fjernkontroll. Tredje generasjon Piko gir deg hele 2100 umen og har en uavhengig diffus lese- og campinglys.<\/p>\n<p>Lyktehuset er 3 mm kortere enn f\u00f8r, dette flytter massesenteret til Piko n\u00e6rmere hodet, noe som gir en mer behagelig bruk over lengre tid. Kontrollelektronikken og den termiske styringen er ogs\u00e5 fullstendig omutviklet. Dette gj\u00f8r at nye Piko n\u00e5 er mye mer dynamisk og lyser mer effektivt enn f\u00f8r. Knappen p\u00e5 lampehodet er n\u00e5 plassert midt p\u00e5 lampen som gj\u00f8r den enklere \u00e5 finne, spesielt n\u00e5r du bruker hansker. Knappen til Bluetooth-fjernkontrollen er ogs\u00e5 optimalisert og den nye appen tillater en unik gratis konfigurasjon av lysprogrammene dine.<\/p>\n","protected":false},"featured_media":949,"comment_status":"open","ping_status":"closed","template":"","meta":[],"product_brand":[],"product_cat":[89,23,15],"product_tag":[],"class_list":{"0":"post-706","1":"product","2":"type-product","3":"status-publish","4":"has-post-thumbnail","6":"product_cat-hodelykter","7":"product_cat-lupine","8":"product_cat-ukategorisert","10":"first","11":"outofstock","12":"taxable","13":"shipping-taxable","14":"purchasable","15":"product-type-simple"},"jetpack_sharing_enabled":true,"_links":{"self":[{"href":"https:\/\/www.sportid.no\/butikk\/wp-json\/wp\/v2\/product\/706","targetHints":{"allow":["GET"]}}],"collection":[{"href":"https:\/\/www.sportid.no\/butikk\/wp-json\/wp\/v2\/product"}],"about":[{"href":"https:\/\/www.sportid.no\/butikk\/wp-json\/wp\/v2\/types\/product"}],"replies":[{"embeddable":true,"href":"https:\/\/www.sportid.no\/butikk\/wp-json\/wp\/v2\/comments?post=706"}],"version-history":[{"count":2,"href":"https:\/\/www.sportid.no\/butikk\/wp-json\/wp\/v2\/product\/706\/revisions"}],"predecessor-version":[{"id":2122,"href":"https:\/\/www.sportid.no\/butikk\/wp-json\/wp\/v2\/product\/706\/revisions\/2122"}],"wp:featuredmedia":[{"embeddable":true,"href":"https:\/\/www.sportid.no\/butikk\/wp-json\/wp\/v2\/media\/949"}],"wp:attachment":[{"href":"https:\/\/www.sportid.no\/butikk\/wp-json\/wp\/v2\/media?parent=706"}],"wp:term":[{"taxonomy":"product_brand","embeddable":true,"href":"https:\/\/www.sportid.no\/butikk\/wp-json\/wp\/v2\/product_brand?post=706"},{"taxonomy":"product_cat","embeddable":true,"href":"https:\/\/www.sportid.no\/butikk\/wp-json\/wp\/v2\/product_cat?post=706"},{"taxonomy":"product_tag","embeddable":true,"href":"https:\/\/www.sportid.no\/butikk\/wp-json\/wp\/v2\/product_tag?post=706"}],"curies":[{"name":"wp","href":"https:\/\/api.w.org\/{rel}","templated":true}]}}