{"id":694,"date":"2022-05-01T21:27:23","date_gmt":"2022-05-01T21:27:23","guid":{"rendered":"https:\/\/www.sportid.no\/butikk\/?post_type=product&#038;p=694"},"modified":"2023-07-17T00:32:55","modified_gmt":"2023-07-16T22:32:55","slug":"jaktdekken-skogsfugl","status":"publish","type":"product","link":"https:\/\/www.sportid.no\/butikk\/produkt\/jaktdekken-skogsfugl\/","title":{"rendered":"Yukon Jaktdekken &#8220;Skogsfugl"},"content":{"rendered":"<p>Dekken som viser hvilken vei hunden st\u00e5r. Orange p\u00e5 venstre og gul p\u00e5 h\u00f8yre side.<\/p>\n","protected":false},"excerpt":{"rendered":"<p>Dekken som viser hvilken vei hunden st\u00e5r. Orange p\u00e5 venstre og gul p\u00e5 h\u00f8yre side.<\/p>\n","protected":false},"featured_media":966,"comment_status":"open","ping_status":"closed","template":"","meta":[],"product_brand":[],"product_cat":[90,15],"product_tag":[],"class_list":{"0":"post-694","1":"product","2":"type-product","3":"status-publish","4":"has-post-thumbnail","6":"product_cat-jaktdekken","7":"product_cat-ukategorisert","8":"pa_storrelse-l","9":"pa_storrelse-m","11":"first","12":"instock","13":"taxable","14":"shipping-taxable","15":"purchasable","16":"product-type-variable"},"jetpack_sharing_enabled":true,"_links":{"self":[{"href":"https:\/\/www.sportid.no\/butikk\/wp-json\/wp\/v2\/product\/694","targetHints":{"allow":["GET"]}}],"collection":[{"href":"https:\/\/www.sportid.no\/butikk\/wp-json\/wp\/v2\/product"}],"about":[{"href":"https:\/\/www.sportid.no\/butikk\/wp-json\/wp\/v2\/types\/product"}],"replies":[{"embeddable":true,"href":"https:\/\/www.sportid.no\/butikk\/wp-json\/wp\/v2\/comments?post=694"}],"version-history":[{"count":2,"href":"https:\/\/www.sportid.no\/butikk\/wp-json\/wp\/v2\/product\/694\/revisions"}],"predecessor-version":[{"id":2128,"href":"https:\/\/www.sportid.no\/butikk\/wp-json\/wp\/v2\/product\/694\/revisions\/2128"}],"wp:featuredmedia":[{"embeddable":true,"href":"https:\/\/www.sportid.no\/butikk\/wp-json\/wp\/v2\/media\/966"}],"wp:attachment":[{"href":"https:\/\/www.sportid.no\/butikk\/wp-json\/wp\/v2\/media?parent=694"}],"wp:term":[{"taxonomy":"product_brand","embeddable":true,"href":"https:\/\/www.sportid.no\/butikk\/wp-json\/wp\/v2\/product_brand?post=694"},{"taxonomy":"product_cat","embeddable":true,"href":"https:\/\/www.sportid.no\/butikk\/wp-json\/wp\/v2\/product_cat?post=694"},{"taxonomy":"product_tag","embeddable":true,"href":"https:\/\/www.sportid.no\/butikk\/wp-json\/wp\/v2\/product_tag?post=694"}],"curies":[{"name":"wp","href":"https:\/\/api.w.org\/{rel}","templated":true}]}}