{"id":607,"date":"2022-05-01T21:13:42","date_gmt":"2022-05-01T21:13:42","guid":{"rendered":"https:\/\/www.sportid.no\/butikk\/?post_type=product&#038;p=607"},"modified":"2025-11-01T14:51:52","modified_gmt":"2025-11-01T13:51:52","slug":"manmat-polstret-halsband","status":"publish","type":"product","link":"https:\/\/www.sportid.no\/butikk\/produkt\/manmat-polstret-halsband\/","title":{"rendered":"ManMat Polstret halsb\u00e5nd"},"content":{"rendered":"<p>Halv strup, gj\u00f8r at halsb\u00e5ndet g\u00e5r lett over hundens hode. TEBOX polstring. . Minimaliserer forekomsten av frostskader p\u00e5 \u00f8rene p\u00e5 oppstallede hunder, ved at ring og kjetting kommer lenger unna hundens hode. Oppgitte st\u00f8rreslser er m\u00e5lt innstrupt.<\/p>\n","protected":false},"excerpt":{"rendered":"<p>Halv strup, gj\u00f8r at halsb\u00e5ndet g\u00e5r lett over hundens hode. TEBOX polstring. . Minimaliserer forekomsten av frostskader p\u00e5 \u00f8rene p\u00e5 oppstallede hunder, ved at ring og kjetting kommer lenger unna hundens hode. Oppgitte st\u00f8rreslser er m\u00e5lt innstrupt.<\/p>\n","protected":false},"featured_media":1126,"comment_status":"open","ping_status":"closed","template":"","meta":[],"product_brand":[],"product_cat":[18],"product_tag":[],"class_list":{"0":"post-607","1":"product","2":"type-product","3":"status-publish","4":"has-post-thumbnail","6":"product_cat-manmat","7":"pa_farge-bla","8":"pa_farge-gronn","9":"pa_farge-orange-svart","10":"pa_farge-oransje","11":"pa_farge-rod","12":"pa_farge-rosa","13":"pa_farge-silver","14":"pa_storrelse-l","15":"pa_storrelse-m","16":"pa_storrelse-s","17":"pa_storrelse-xl","18":"pa_storrelse-xs","19":"pa_storrelse-xxl","21":"first","22":"instock","23":"taxable","24":"shipping-taxable","25":"purchasable","26":"product-type-variable"},"jetpack_sharing_enabled":true,"_links":{"self":[{"href":"https:\/\/www.sportid.no\/butikk\/wp-json\/wp\/v2\/product\/607","targetHints":{"allow":["GET"]}}],"collection":[{"href":"https:\/\/www.sportid.no\/butikk\/wp-json\/wp\/v2\/product"}],"about":[{"href":"https:\/\/www.sportid.no\/butikk\/wp-json\/wp\/v2\/types\/product"}],"replies":[{"embeddable":true,"href":"https:\/\/www.sportid.no\/butikk\/wp-json\/wp\/v2\/comments?post=607"}],"version-history":[{"count":2,"href":"https:\/\/www.sportid.no\/butikk\/wp-json\/wp\/v2\/product\/607\/revisions"}],"predecessor-version":[{"id":1125,"href":"https:\/\/www.sportid.no\/butikk\/wp-json\/wp\/v2\/product\/607\/revisions\/1125"}],"wp:featuredmedia":[{"embeddable":true,"href":"https:\/\/www.sportid.no\/butikk\/wp-json\/wp\/v2\/media\/1126"}],"wp:attachment":[{"href":"https:\/\/www.sportid.no\/butikk\/wp-json\/wp\/v2\/media?parent=607"}],"wp:term":[{"taxonomy":"product_brand","embeddable":true,"href":"https:\/\/www.sportid.no\/butikk\/wp-json\/wp\/v2\/product_brand?post=607"},{"taxonomy":"product_cat","embeddable":true,"href":"https:\/\/www.sportid.no\/butikk\/wp-json\/wp\/v2\/product_cat?post=607"},{"taxonomy":"product_tag","embeddable":true,"href":"https:\/\/www.sportid.no\/butikk\/wp-json\/wp\/v2\/product_tag?post=607"}],"curies":[{"name":"wp","href":"https:\/\/api.w.org\/{rel}","templated":true}]}}