{"id":3643,"date":"2024-01-07T22:16:36","date_gmt":"2024-01-07T21:16:36","guid":{"rendered":"https:\/\/www.sportid.no\/butikk\/?post_type=product&#038;p=3643"},"modified":"2024-01-07T22:16:36","modified_gmt":"2024-01-07T21:16:36","slug":"kause-10mm-syrefast-stal-316","status":"publish","type":"product","link":"https:\/\/www.sportid.no\/butikk\/produkt\/kause-10mm-syrefast-stal-316\/","title":{"rendered":"Kause 10mm syrefast st\u00e5l 316"},"content":{"rendered":"<p>Kause brukes for \u00f8yesplesing av tau og wire. Produsert av syrefast st\u00e5l A4 316 kvalitet, med plass til 10 mm tau eller wire.<\/p>\n","protected":false},"excerpt":{"rendered":"<p>Kause brukes for \u00f8yesplesing av tau og wire. Produsert av syrefast st\u00e5l A4 316 kvalitet, med plass til 10 mm tau eller wire.<\/p>\n","protected":false},"featured_media":3644,"comment_status":"open","ping_status":"closed","template":"","meta":[],"product_brand":[],"product_cat":[71,56],"product_tag":[],"class_list":{"0":"post-3643","1":"product","2":"type-product","3":"status-publish","4":"has-post-thumbnail","6":"product_cat-linesett-og-wire","7":"product_cat-wire","9":"first","10":"instock","11":"taxable","12":"shipping-taxable","13":"purchasable","14":"product-type-simple"},"jetpack_sharing_enabled":true,"_links":{"self":[{"href":"https:\/\/www.sportid.no\/butikk\/wp-json\/wp\/v2\/product\/3643","targetHints":{"allow":["GET"]}}],"collection":[{"href":"https:\/\/www.sportid.no\/butikk\/wp-json\/wp\/v2\/product"}],"about":[{"href":"https:\/\/www.sportid.no\/butikk\/wp-json\/wp\/v2\/types\/product"}],"replies":[{"embeddable":true,"href":"https:\/\/www.sportid.no\/butikk\/wp-json\/wp\/v2\/comments?post=3643"}],"version-history":[{"count":1,"href":"https:\/\/www.sportid.no\/butikk\/wp-json\/wp\/v2\/product\/3643\/revisions"}],"predecessor-version":[{"id":3645,"href":"https:\/\/www.sportid.no\/butikk\/wp-json\/wp\/v2\/product\/3643\/revisions\/3645"}],"wp:featuredmedia":[{"embeddable":true,"href":"https:\/\/www.sportid.no\/butikk\/wp-json\/wp\/v2\/media\/3644"}],"wp:attachment":[{"href":"https:\/\/www.sportid.no\/butikk\/wp-json\/wp\/v2\/media?parent=3643"}],"wp:term":[{"taxonomy":"product_brand","embeddable":true,"href":"https:\/\/www.sportid.no\/butikk\/wp-json\/wp\/v2\/product_brand?post=3643"},{"taxonomy":"product_cat","embeddable":true,"href":"https:\/\/www.sportid.no\/butikk\/wp-json\/wp\/v2\/product_cat?post=3643"},{"taxonomy":"product_tag","embeddable":true,"href":"https:\/\/www.sportid.no\/butikk\/wp-json\/wp\/v2\/product_tag?post=3643"}],"curies":[{"name":"wp","href":"https:\/\/api.w.org\/{rel}","templated":true}]}}